{"id":15382,"date":"2025-06-05T21:47:06","date_gmt":"2025-06-05T19:47:06","guid":{"rendered":"https:\/\/www.artland-gymnasium.de\/wordpress\/?page_id=15382"},"modified":"2025-06-17T12:48:30","modified_gmt":"2025-06-17T10:48:30","slug":"projektwoche-am-agq","status":"publish","type":"page","link":"https:\/\/www.artland-gymnasium.de\/wordpress\/projektwoche-am-agq\/","title":{"rendered":"Projekttage am AGQ"},"content":{"rendered":"\n[ngg src=&#8220;galleries&#8220; ids=&#8220;108&#8243; sortorder=&#8220;1147,1146,1145,1144,1143,1142,1141,1140,1139,1129,1138,1137,1136,1135,1134,1133,1132,1131,1130&#8243; display=&#8220;basic_slideshow&#8220; arrows=&#8220;1&#8243; transition_style=&#8220;slide&#8220;]\n\n\n\n<p>Am 02., 03. und 05. Juni fanden die Projekttage am AGQ statt. Es wurde gebacken, gekocht &#8211; sogar Japanisch gebaut, gebastelt und get\u00f6pfert. Nicht nur in der Schule konnten die Sch\u00fclerinnen und Sch\u00fcler ihre Ideen und Projekte verwirklichen, indem sie Schmuck bastelten, Songs schrieben, T\u00fcren der Schule bemalten oder einen Erste-Hilfe-Kurs belegten &#8211; z.B. auch im DIL, bei der Firma Schulz, im Finanzamt, dem Stadtmuseum oder sogar auf dem Bauernhof gab es F\u00fchrungen und Aktionen. Besonderes Highlight: Der Besuch einer Gruppe im Sankt Sylvesterstift: Hier konnten die Jugendlichen ihr Wissen im Bereich der digitalen Medien teilen und wechselten f\u00fcr einen Vormittag mal in die Rolle der Vermittelnden.<\/p>\n","protected":false},"excerpt":{"rendered":"<p>Am 02., 03. und 05. Juni fanden die Projekttage am AGQ statt. Es wurde gebacken, gekocht &#8211; sogar Japanisch gebaut, gebastelt und get\u00f6pfert. Nicht nur in der Schule konnten die<\/p>\n","protected":false},"author":11,"featured_media":0,"parent":0,"menu_order":0,"comment_status":"closed","ping_status":"closed","template":"","meta":{"footnotes":""},"class_list":["post-15382","page","type-page","status-publish","hentry","comments-off"],"_links":{"self":[{"href":"https:\/\/www.artland-gymnasium.de\/wordpress\/wp-json\/wp\/v2\/pages\/15382","targetHints":{"allow":["GET"]}}],"collection":[{"href":"https:\/\/www.artland-gymnasium.de\/wordpress\/wp-json\/wp\/v2\/pages"}],"about":[{"href":"https:\/\/www.artland-gymnasium.de\/wordpress\/wp-json\/wp\/v2\/types\/page"}],"author":[{"embeddable":true,"href":"https:\/\/www.artland-gymnasium.de\/wordpress\/wp-json\/wp\/v2\/users\/11"}],"replies":[{"embeddable":true,"href":"https:\/\/www.artland-gymnasium.de\/wordpress\/wp-json\/wp\/v2\/comments?post=15382"}],"version-history":[{"count":4,"href":"https:\/\/www.artland-gymnasium.de\/wordpress\/wp-json\/wp\/v2\/pages\/15382\/revisions"}],"predecessor-version":[{"id":15444,"href":"https:\/\/www.artland-gymnasium.de\/wordpress\/wp-json\/wp\/v2\/pages\/15382\/revisions\/15444"}],"wp:attachment":[{"href":"https:\/\/www.artland-gymnasium.de\/wordpress\/wp-json\/wp\/v2\/media?parent=15382"}],"curies":[{"name":"wp","href":"https:\/\/api.w.org\/{rel}","templated":true}]}}