{"id":48,"date":"2025-01-27T07:07:09","date_gmt":"2025-01-27T06:07:09","guid":{"rendered":"http:\/\/www.artland-gymnasium.de\/wordpress\/?page_id=48"},"modified":"2026-04-11T17:05:38","modified_gmt":"2026-04-11T15:05:38","slug":"willkommen","status":"publish","type":"page","link":"https:\/\/www.artland-gymnasium.de\/wordpress\/","title":{"rendered":""},"content":{"rendered":"<div class=\"wp-block-image\">\n<figure class=\"aligncenter size-large\"><img loading=\"lazy\" decoding=\"async\" width=\"1024\" height=\"576\" src=\"https:\/\/www.artland-gymnasium.de\/wordpress\/wp-content\/uploads\/2025\/10\/Homepage-mit-rechtsbuendigem-Hero-Image-1024x576.png\" alt=\"\" class=\"wp-image-15994\" srcset=\"https:\/\/www.artland-gymnasium.de\/wordpress\/wp-content\/uploads\/2025\/10\/Homepage-mit-rechtsbuendigem-Hero-Image-1024x576.png 1024w, https:\/\/www.artland-gymnasium.de\/wordpress\/wp-content\/uploads\/2025\/10\/Homepage-mit-rechtsbuendigem-Hero-Image-300x169.png 300w, https:\/\/www.artland-gymnasium.de\/wordpress\/wp-content\/uploads\/2025\/10\/Homepage-mit-rechtsbuendigem-Hero-Image-768x432.png 768w, https:\/\/www.artland-gymnasium.de\/wordpress\/wp-content\/uploads\/2025\/10\/Homepage-mit-rechtsbuendigem-Hero-Image-1360x765.png 1360w, https:\/\/www.artland-gymnasium.de\/wordpress\/wp-content\/uploads\/2025\/10\/Homepage-mit-rechtsbuendigem-Hero-Image.png 1366w\" sizes=\"auto, (max-width: 1024px) 100vw, 1024px\" \/><\/figure>\n<\/div>\n\n\n<div class=\"wp-block-columns is-layout-flex wp-container-core-columns-is-layout-9d6595d7 wp-block-columns-is-layout-flex\">\n<div class=\"wp-block-column is-layout-flow wp-block-column-is-layout-flow\"><div class=\"wp-block-image\">\n<figure class=\"alignright size-large is-resized\"><a href=\"https:\/\/www.artland-gymnasium.de\/wordpress\/2026\/02\/19\/anmeldung-5-klasse\/\" target=\"_blank\" rel=\" noreferrer noopener\"><img loading=\"lazy\" decoding=\"async\" width=\"1024\" height=\"1024\" src=\"https:\/\/www.artland-gymnasium.de\/wordpress\/wp-content\/uploads\/2026\/02\/Klicken-Anmeldung-Jahrgang-5-1024x1024.jpg\" alt=\"\" class=\"wp-image-16415\" style=\"width:294px;height:auto\" srcset=\"https:\/\/www.artland-gymnasium.de\/wordpress\/wp-content\/uploads\/2026\/02\/Klicken-Anmeldung-Jahrgang-5-1024x1024.jpg 1024w, https:\/\/www.artland-gymnasium.de\/wordpress\/wp-content\/uploads\/2026\/02\/Klicken-Anmeldung-Jahrgang-5-300x300.jpg 300w, https:\/\/www.artland-gymnasium.de\/wordpress\/wp-content\/uploads\/2026\/02\/Klicken-Anmeldung-Jahrgang-5-150x150.jpg 150w, https:\/\/www.artland-gymnasium.de\/wordpress\/wp-content\/uploads\/2026\/02\/Klicken-Anmeldung-Jahrgang-5-768x768.jpg 768w, https:\/\/www.artland-gymnasium.de\/wordpress\/wp-content\/uploads\/2026\/02\/Klicken-Anmeldung-Jahrgang-5-600x600.jpg 600w, https:\/\/www.artland-gymnasium.de\/wordpress\/wp-content\/uploads\/2026\/02\/Klicken-Anmeldung-Jahrgang-5.jpg 1080w\" sizes=\"auto, (max-width: 1024px) 100vw, 1024px\" \/><\/a><\/figure>\n<\/div><\/div>\n\n\n\n<div class=\"wp-block-column is-layout-flow wp-block-column-is-layout-flow\">\n<p><br><strong>Ab sofort <\/strong>k\u00f6nnen Sie Ihren Sohn\/ Ihre Tochter f\u00fcr den kommenden 5. Jahrgang am AGQ anmelden. <br><\/p>\n\n\n\n<p>Wir empfehlen f\u00fcr die Online-Anmeldung die Nutzung eines Laptops\/ Computers.<br><\/p>\n<\/div>\n<\/div>\n\n\n\n<div class=\"wp-block-columns is-layout-flex wp-container-core-columns-is-layout-9d6595d7 wp-block-columns-is-layout-flex\">\n<div class=\"wp-block-column has-background is-layout-flow wp-block-column-is-layout-flow\" style=\"background-color:#f4f4f4;flex-basis:100%\">\n<div class=\"wp-block-group\"><div class=\"wp-block-group__inner-container is-layout-constrained wp-block-group-is-layout-constrained\">\n<div class=\"wp-block-columns is-layout-flex wp-container-core-columns-is-layout-9d6595d7 wp-block-columns-is-layout-flex\">\n<div class=\"wp-block-column is-layout-flow wp-block-column-is-layout-flow\">\n<h2 class=\"wp-block-heading has-white-color has-text-color has-background has-link-color wp-elements-22fddbcea1c69bf007dcbad157de6379\" style=\"background-color:#818e54\">Aktuelles<\/h2>\n<\/div>\n<\/div>\n<\/div><\/div>\n<\/div>\n<\/div>\n\n\n\n<p class=\"has-medium-font-size\"><strong>Aufgrund von technischen Problemen k\u00f6nnen derzeit keine neuen Dateien und Bilder <br>(z.B. der Speiseplan der Mensa) eingestellt werden.  <br><br>Wir arbeiten daran und bitten, dies zu entschuldigen!<\/strong><\/p>\n\n\n<ul style=\"background-color:#818e54; padding-top:var(--wp--preset--spacing--30);padding-bottom:var(--wp--preset--spacing--30);padding-left:var(--wp--preset--spacing--40);padding-right:var(--wp--preset--spacing--40);\" class=\"wp-block-latest-posts__list has-link-color alignleft wp-elements-abb4820bc5cfd4dcd59902544cd80524 wp-block-latest-posts has-text-color has-white-color has-background\"><li><div class=\"wp-block-latest-posts__featured-image aligncenter\"><a href=\"https:\/\/www.artland-gymnasium.de\/wordpress\/2026\/02\/20\/ein-gelungener-blick-hinter-die-kulissen-des-agqs\/\" aria-label=\"Ein gelungener Blick hinter die Kulissen des AGQs\"><img loading=\"lazy\" decoding=\"async\" width=\"1360\" height=\"765\" src=\"https:\/\/www.artland-gymnasium.de\/wordpress\/wp-content\/uploads\/2026\/02\/IMG_20260213_162943_1-1360x765.jpg\" class=\"attachment-post-thumbnail size-post-thumbnail wp-post-image\" alt=\"\" style=\"max-width:340px;max-height:191px;\" \/><\/a><\/div><a class=\"wp-block-latest-posts__post-title\" href=\"https:\/\/www.artland-gymnasium.de\/wordpress\/2026\/02\/20\/ein-gelungener-blick-hinter-die-kulissen-des-agqs\/\">Ein gelungener Blick hinter die Kulissen des AGQs<\/a><div class=\"wp-block-latest-posts__post-excerpt\">Lebendig, bunt und voller Entdeckungen \u2013 so pr\u00e4sentierten sich der Tag der offenen T\u00fcr und die Schnuppertage am Artland-Gymnasium in Quakenbr\u00fcck in diesem Jahr.<\/div><\/li>\n<li><div class=\"wp-block-latest-posts__featured-image aligncenter\"><a href=\"https:\/\/www.artland-gymnasium.de\/wordpress\/2026\/02\/17\/von-dino-bis-minion-karnevalsparty-jg-5-6\/\" aria-label=\"Von Dino bis Minion &#8211; Karnevalsparty Jg. 5 &amp; 6\"><img loading=\"lazy\" decoding=\"async\" width=\"1360\" height=\"765\" src=\"https:\/\/www.artland-gymnasium.de\/wordpress\/wp-content\/uploads\/2026\/02\/PHOTO-2026-02-16-13-54-06-2-1360x765.jpg\" class=\"attachment-post-thumbnail size-post-thumbnail wp-post-image\" alt=\"\" style=\"max-width:340px;max-height:191px;\" \/><\/a><\/div><a class=\"wp-block-latest-posts__post-title\" href=\"https:\/\/www.artland-gymnasium.de\/wordpress\/2026\/02\/17\/von-dino-bis-minion-karnevalsparty-jg-5-6\/\">Von Dino bis Minion &#8211; Karnevalsparty Jg. 5 &amp; 6<\/a><div class=\"wp-block-latest-posts__post-excerpt\">Von Dino bis Minion &#8211; so bunt war die Karnevalsparty am Montag!<\/div><\/li>\n<li><div class=\"wp-block-latest-posts__featured-image aligncenter\"><a href=\"https:\/\/www.artland-gymnasium.de\/wordpress\/2026\/01\/23\/felicitations-vorlesewettbewerb-franzoesisch\/\" aria-label=\"F\u00e9licitations &#8211; Vorlesewettbewerb Franz\u00f6sisch\"><img loading=\"lazy\" decoding=\"async\" width=\"1360\" height=\"765\" src=\"https:\/\/www.artland-gymnasium.de\/wordpress\/wp-content\/uploads\/2026\/02\/WhatsApp-Image-2026-01-23-at-11.01.03-1360x765.jpeg\" class=\"attachment-post-thumbnail size-post-thumbnail wp-post-image\" alt=\"\" style=\"max-width:340px;max-height:191px;\" \/><\/a><\/div><a class=\"wp-block-latest-posts__post-title\" href=\"https:\/\/www.artland-gymnasium.de\/wordpress\/2026\/01\/23\/felicitations-vorlesewettbewerb-franzoesisch\/\">F\u00e9licitations &#8211; Vorlesewettbewerb Franz\u00f6sisch<\/a><div class=\"wp-block-latest-posts__post-excerpt\">Zum vierten Mal fand der Wettbewerb am Donnerstag, den 22. Januar f\u00fcr die Klassen 6 und 7 statt. Im Beitrag erfahrt ihr, was passiert ist und wer die Sieger\/innen sind&#8230;<\/div><\/li>\n<li><div class=\"wp-block-latest-posts__featured-image aligncenter\"><a href=\"https:\/\/www.artland-gymnasium.de\/wordpress\/2025\/12\/11\/adventsgottesdienst\/\" aria-label=\"Adventsgottesdienst\"><img loading=\"lazy\" decoding=\"async\" width=\"1360\" height=\"765\" src=\"https:\/\/www.artland-gymnasium.de\/wordpress\/wp-content\/uploads\/2025\/12\/20251204_120717-1360x765.jpg\" class=\"attachment-post-thumbnail size-post-thumbnail wp-post-image\" alt=\"\" style=\"max-width:340px;max-height:191px;\" \/><\/a><\/div><a class=\"wp-block-latest-posts__post-title\" href=\"https:\/\/www.artland-gymnasium.de\/wordpress\/2025\/12\/11\/adventsgottesdienst\/\">Adventsgottesdienst<\/a><div class=\"wp-block-latest-posts__post-excerpt\">Am Donnerstag, den 04.12.2025 stimmte sich unser 5. Jahrgang im Rahmen des Religionsunterrichts auf die Adventszeit in der St. Sylvester Kirche ein. <\/div><\/li>\n<li><div class=\"wp-block-latest-posts__featured-image aligncenter\"><a href=\"https:\/\/www.artland-gymnasium.de\/wordpress\/2025\/11\/09\/raetsel-des-monats\/\" aria-label=\"R\u00e4tsel des Monats\"><img loading=\"lazy\" decoding=\"async\" width=\"458\" height=\"168\" src=\"https:\/\/www.artland-gymnasium.de\/wordpress\/wp-content\/uploads\/2025\/11\/6-1.jpg\" class=\"attachment-post-thumbnail size-post-thumbnail wp-post-image\" alt=\"\" style=\"max-width:340px;max-height:191px;\" srcset=\"https:\/\/www.artland-gymnasium.de\/wordpress\/wp-content\/uploads\/2025\/11\/6-1.jpg 458w, https:\/\/www.artland-gymnasium.de\/wordpress\/wp-content\/uploads\/2025\/11\/6-1-300x110.jpg 300w\" sizes=\"auto, (max-width: 458px) 100vw, 458px\" \/><\/a><\/div><a class=\"wp-block-latest-posts__post-title\" href=\"https:\/\/www.artland-gymnasium.de\/wordpress\/2025\/11\/09\/raetsel-des-monats\/\">R\u00e4tsel des Monats<\/a><div class=\"wp-block-latest-posts__post-excerpt\">Ab sofort gibt es monatlich ein tolles mathematisches R\u00e4tsel f\u00fcr den 5. und 6. Jahrgang &#8211; hier findet ihr alle Informationen und das aktuelle R\u00e4tsel!<\/div><\/li>\n<li><div class=\"wp-block-latest-posts__featured-image aligncenter\"><a href=\"https:\/\/www.artland-gymnasium.de\/wordpress\/2025\/11\/08\/klassenfahrt-jg-7-und-kennenlerntage-jg-5\/\" aria-label=\"Klassenfahrt Jg. 7 und Kennenlerntage Jg. 5\"><img loading=\"lazy\" decoding=\"async\" width=\"574\" height=\"765\" src=\"https:\/\/www.artland-gymnasium.de\/wordpress\/wp-content\/uploads\/2025\/11\/IMG_4988-scaled.jpeg\" class=\"attachment-post-thumbnail size-post-thumbnail wp-post-image\" alt=\"\" style=\"max-width:340px;max-height:191px;\" \/><\/a><\/div><a class=\"wp-block-latest-posts__post-title\" href=\"https:\/\/www.artland-gymnasium.de\/wordpress\/2025\/11\/08\/klassenfahrt-jg-7-und-kennenlerntage-jg-5\/\">Klassenfahrt Jg. 7 und Kennenlerntage Jg. 5<\/a><div class=\"wp-block-latest-posts__post-excerpt\">Das waren die Kennenlerntage der f\u00fcnften Klassen und die Klassenfahrt von Jahrgang 7&#8230;<\/div><\/li>\n<\/ul>\n\n\n<p><\/p>\n\n\n\n<p class=\"has-text-align-center has-white-color has-text-color has-background has-link-color has-medium-font-size wp-elements-d897da0e80d0cbd7c6320c30d89e96e4\" style=\"background-color:#818e54\">Hier geht&#8217;s zu unserem kleinen <strong><a href=\"https:\/\/www.artland-gymnasium.de\/wordpress\/projektwoche-am-agq\/\" data-type=\"page\" data-id=\"15382\">R\u00fcckblick zur Projektwoche im vergangenen Schuljahr<\/a><\/strong><\/p>\n\n\n\n<p><\/p>\n\n\n\n<p><\/p>\n\n\n\n<p><\/p>\n\n\n\n<h2 class=\"wp-block-heading\" id=\"hinweise-der-schulleitung\"><strong>Hinweise der Schulleitung<\/strong><\/h2>\n\n\n<ul class=\"wp-block-latest-posts__list wp-block-latest-posts\"><li><a class=\"wp-block-latest-posts__post-title\" href=\"https:\/\/www.artland-gymnasium.de\/wordpress\/2025\/07\/31\/lehrkraefte\/\">Das Kollegium<\/a><\/li>\n<li><a class=\"wp-block-latest-posts__post-title\" href=\"https:\/\/www.artland-gymnasium.de\/wordpress\/2026\/02\/24\/informationen-zur-einfuehrungsphase\/\">Informationen zur Einf\u00fchrungsphase<\/a><\/li>\n<li><a class=\"wp-block-latest-posts__post-title\" href=\"https:\/\/www.artland-gymnasium.de\/wordpress\/2026\/01\/18\/informationen-zur-qualifikationsphase\/\">Informationen zur Qualifikationsphase<\/a><\/li>\n<li><a class=\"wp-block-latest-posts__post-title\" href=\"https:\/\/www.artland-gymnasium.de\/wordpress\/2025\/02\/23\/klausurenplan-und-leistenplan\/\">Klausurenplan und Leistenplan<\/a><\/li>\n<\/ul>\n\n\n<p><\/p>\n\n\n\n<p><\/p>\n\n\n\n<div class=\"wp-block-columns are-vertically-aligned-center is-layout-flex wp-container-core-columns-is-layout-9d6595d7 wp-block-columns-is-layout-flex\">\n<div class=\"wp-block-column is-vertically-aligned-center is-layout-flow wp-block-column-is-layout-flow\">\n<figure class=\"wp-block-image size-large is-resized is-style-default\"><img loading=\"lazy\" decoding=\"async\" width=\"267\" height=\"189\" src=\"https:\/\/www.artland-gymnasium.de\/wordpress\/wp-content\/uploads\/2020\/03\/Unknown-4.jpeg\" alt=\"\" class=\"wp-image-455\"\/><\/figure>\n<\/div>\n\n\n\n<div class=\"wp-block-column is-vertically-aligned-center is-layout-flow wp-block-column-is-layout-flow\">\n<figure class=\"wp-block-image size-large is-resized\"><img loading=\"lazy\" decoding=\"async\" width=\"730\" height=\"720\" src=\"https:\/\/www.artland-gymnasium.de\/wordpress\/wp-content\/uploads\/2020\/03\/Agenda21schule_RGB_300-317874c1-2.jpg\" alt=\"\" class=\"wp-image-468\" style=\"width:71px;height:auto\" srcset=\"https:\/\/www.artland-gymnasium.de\/wordpress\/wp-content\/uploads\/2020\/03\/Agenda21schule_RGB_300-317874c1-2.jpg 730w, https:\/\/www.artland-gymnasium.de\/wordpress\/wp-content\/uploads\/2020\/03\/Agenda21schule_RGB_300-317874c1-2-300x296.jpg 300w\" sizes=\"auto, (max-width: 730px) 100vw, 730px\" \/><\/figure>\n<\/div>\n\n\n\n<div class=\"wp-block-column is-vertically-aligned-center is-layout-flow wp-block-column-is-layout-flow\">\n<figure class=\"wp-block-gallery has-nested-images columns-default is-cropped wp-block-gallery-1 is-layout-flex wp-block-gallery-is-layout-flex\">\n<figure class=\"wp-block-image size-large is-resized\"><img loading=\"lazy\" decoding=\"async\" width=\"509\" height=\"252\" data-id=\"459\" src=\"https:\/\/www.artland-gymnasium.de\/wordpress\/wp-content\/uploads\/2020\/03\/netzwerk.jpg\" alt=\"\" class=\"wp-image-459\" srcset=\"https:\/\/www.artland-gymnasium.de\/wordpress\/wp-content\/uploads\/2020\/03\/netzwerk.jpg 509w, https:\/\/www.artland-gymnasium.de\/wordpress\/wp-content\/uploads\/2020\/03\/netzwerk-300x149.jpg 300w\" sizes=\"auto, (max-width: 509px) 100vw, 509px\" \/><\/figure>\n<\/figure>\n<\/div>\n\n\n\n<div class=\"wp-block-column is-vertically-aligned-center is-layout-flow wp-block-column-is-layout-flow\"><div class=\"wp-block-image is-resized\">\n<figure class=\"aligncenter size-large\"><img loading=\"lazy\" decoding=\"async\" width=\"1024\" height=\"320\" src=\"https:\/\/www.artland-gymnasium.de\/wordpress\/wp-content\/uploads\/2020\/03\/csm_Schule_des_Leistungssport_zertifikat_8eb5935a9c-1024x320.jpg\" alt=\"\" class=\"wp-image-480\" srcset=\"https:\/\/www.artland-gymnasium.de\/wordpress\/wp-content\/uploads\/2020\/03\/csm_Schule_des_Leistungssport_zertifikat_8eb5935a9c-1024x320.jpg 1024w, https:\/\/www.artland-gymnasium.de\/wordpress\/wp-content\/uploads\/2020\/03\/csm_Schule_des_Leistungssport_zertifikat_8eb5935a9c-300x94.jpg 300w, https:\/\/www.artland-gymnasium.de\/wordpress\/wp-content\/uploads\/2020\/03\/csm_Schule_des_Leistungssport_zertifikat_8eb5935a9c-768x240.jpg 768w, https:\/\/www.artland-gymnasium.de\/wordpress\/wp-content\/uploads\/2020\/03\/csm_Schule_des_Leistungssport_zertifikat_8eb5935a9c.jpg 1400w\" sizes=\"auto, (max-width: 1024px) 100vw, 1024px\" \/><\/figure>\n<\/div><\/div>\n\n\n\n<div class=\"wp-block-column is-layout-flow wp-block-column-is-layout-flow\">\n<figure class=\"wp-block-image size-large is-resized\"><img loading=\"lazy\" decoding=\"async\" width=\"570\" height=\"210\" src=\"https:\/\/www.artland-gymnasium.de\/wordpress\/wp-content\/uploads\/2020\/03\/EuropaschulenNDS.png\" alt=\"\" class=\"wp-image-476\" srcset=\"https:\/\/www.artland-gymnasium.de\/wordpress\/wp-content\/uploads\/2020\/03\/EuropaschulenNDS.png 570w, https:\/\/www.artland-gymnasium.de\/wordpress\/wp-content\/uploads\/2020\/03\/EuropaschulenNDS-300x111.png 300w\" sizes=\"auto, (max-width: 570px) 100vw, 570px\" \/><\/figure>\n<\/div>\n\n\n\n<div class=\"wp-block-column is-layout-flow wp-block-column-is-layout-flow\">\n<figure class=\"wp-block-image size-large is-resized\"><img loading=\"lazy\" decoding=\"async\" width=\"687\" height=\"142\" src=\"https:\/\/www.artland-gymnasium.de\/wordpress\/wp-content\/uploads\/2020\/03\/wgm-startklar.jpg\" alt=\"\" class=\"wp-image-457\" srcset=\"https:\/\/www.artland-gymnasium.de\/wordpress\/wp-content\/uploads\/2020\/03\/wgm-startklar.jpg 687w, https:\/\/www.artland-gymnasium.de\/wordpress\/wp-content\/uploads\/2020\/03\/wgm-startklar-300x62.jpg 300w\" sizes=\"auto, (max-width: 687px) 100vw, 687px\" \/><\/figure>\n<\/div>\n<\/div>\n\n\n\n<p><\/p>\n","protected":false},"excerpt":{"rendered":"<p>Ab sofort k\u00f6nnen Sie Ihren Sohn\/ Ihre Tochter f\u00fcr den kommenden 5. Jahrgang am AGQ anmelden. Wir empfehlen f\u00fcr die Online-Anmeldung die Nutzung eines Laptops\/ Computers. Aktuelles Aufgrund von technischen<\/p>\n","protected":false},"author":1,"featured_media":0,"parent":0,"menu_order":0,"comment_status":"closed","ping_status":"closed","template":"","meta":{"footnotes":""},"class_list":["post-48","page","type-page","status-publish","hentry","comments-off"],"_links":{"self":[{"href":"https:\/\/www.artland-gymnasium.de\/wordpress\/wp-json\/wp\/v2\/pages\/48","targetHints":{"allow":["GET"]}}],"collection":[{"href":"https:\/\/www.artland-gymnasium.de\/wordpress\/wp-json\/wp\/v2\/pages"}],"about":[{"href":"https:\/\/www.artland-gymnasium.de\/wordpress\/wp-json\/wp\/v2\/types\/page"}],"author":[{"embeddable":true,"href":"https:\/\/www.artland-gymnasium.de\/wordpress\/wp-json\/wp\/v2\/users\/1"}],"replies":[{"embeddable":true,"href":"https:\/\/www.artland-gymnasium.de\/wordpress\/wp-json\/wp\/v2\/comments?post=48"}],"version-history":[{"count":195,"href":"https:\/\/www.artland-gymnasium.de\/wordpress\/wp-json\/wp\/v2\/pages\/48\/revisions"}],"predecessor-version":[{"id":16619,"href":"https:\/\/www.artland-gymnasium.de\/wordpress\/wp-json\/wp\/v2\/pages\/48\/revisions\/16619"}],"wp:attachment":[{"href":"https:\/\/www.artland-gymnasium.de\/wordpress\/wp-json\/wp\/v2\/media?parent=48"}],"curies":[{"name":"wp","href":"https:\/\/api.w.org\/{rel}","templated":true}]}}