{"id":6804,"date":"2022-05-26T10:58:34","date_gmt":"2022-05-26T08:58:34","guid":{"rendered":"https:\/\/www.artland-gymnasium.de\/wordpress\/?page_id=6804"},"modified":"2022-07-14T11:04:00","modified_gmt":"2022-07-14T09:04:00","slug":"cybermobbing","status":"publish","type":"page","link":"https:\/\/www.artland-gymnasium.de\/wordpress\/angebote\/safe-im-netz\/cybermobbing\/","title":{"rendered":"Cybermobbing"},"content":{"rendered":"\n<p>Mobbing ist ein Problem, ob offline oder online. In diesem Text erkl\u00e4ren wir dir, was du \u00fcber Cybermobbing wissen solltest.<\/p>\n\n\n\n<h4 class=\"wp-block-heading\">Was&nbsp;ist&nbsp;Cybermobbing?<\/h4>\n\n\n\n<p>Beim Cybermobbing wird jemand \u00fcber verschiedene digitalen Medien, haupts\u00e4chlich auf Sozialen Medien, gemobbt. Cybermobbing hat meist die gleichen Ziele wie Mobbing im Alltag: jemand soll fertig gemacht werden und dar\u00fcber machen sich die Mobber stark.&nbsp;Cybermobbing&nbsp;umfasst&nbsp;absichtliche Beleidigungen, Bedrohungen, Blo\u00dfstellungen oder Bel\u00e4stigungen \u00fcber das Handy oder andere digitale Ger\u00e4te. Es reicht vom Ausschluss vom Gemobbten, dem Verbreiten von L\u00fcgen und Ger\u00fcchten in Chatgruppen und Beleidigungen per Chatnachrichten bis hin zur Ver\u00f6ffentlichung privater Fotos, Videos oder Chatverl\u00e4ufe mit dem Gemobbten.<\/p>\n\n\n\n<div class=\"wp-block-image\"><figure class=\"alignleft size-large\"><img loading=\"lazy\" decoding=\"async\" width=\"473\" height=\"1024\" src=\"https:\/\/www.artland-gymnasium.de\/wordpress\/wp-content\/uploads\/2022\/07\/cafff7b4-47a1-4be4-9b97-8fa917560932-1-473x1024.jpeg\" alt=\"\" class=\"wp-image-6855\" srcset=\"https:\/\/www.artland-gymnasium.de\/wordpress\/wp-content\/uploads\/2022\/07\/cafff7b4-47a1-4be4-9b97-8fa917560932-1-473x1024.jpeg 473w, https:\/\/www.artland-gymnasium.de\/wordpress\/wp-content\/uploads\/2022\/07\/cafff7b4-47a1-4be4-9b97-8fa917560932-1-139x300.jpeg 139w, https:\/\/www.artland-gymnasium.de\/wordpress\/wp-content\/uploads\/2022\/07\/cafff7b4-47a1-4be4-9b97-8fa917560932-1-768x1663.jpeg 768w, https:\/\/www.artland-gymnasium.de\/wordpress\/wp-content\/uploads\/2022\/07\/cafff7b4-47a1-4be4-9b97-8fa917560932-1-710x1536.jpeg 710w, https:\/\/www.artland-gymnasium.de\/wordpress\/wp-content\/uploads\/2022\/07\/cafff7b4-47a1-4be4-9b97-8fa917560932-1.jpeg 946w\" sizes=\"auto, (max-width: 473px) 100vw, 473px\" \/><figcaption>Einige typische Cybermobbing-Nachrichten<\/figcaption><\/figure><\/div>\n\n\n\n<h4 class=\"wp-block-heading\">Wie kannst du dich vor Cybermobbing sch\u00fctzen?<\/h4>\n\n\n\n<p>Grunds\u00e4tzlich sollte man nie die Schuld bei der Person suchen, die Opfer von Cybermobbing wird. Trotzdem gibt es ein paar Tipps, die man beim Verwenden von Social Media-Plattformen beachten kann. Hierzu geh\u00f6rt zum Beispiel, dass du dir beim Posten immer dar\u00fcber bewusst bist, dass die Beitr\u00e4ge f\u00fcr immer im Internet sein k\u00f6nnen und von allen Leuten dort gesehen werden k\u00f6nnen. Du kannst zwar deine Beitr\u00e4ge vielleicht wieder l\u00f6schen, aber andere k\u00f6nnten ja vielleicht Screenshots gemacht haben. Deswegen ist es wichtig, deine Privatsph\u00e4re immer zu sch\u00fctzen und zum Beispiel deine Handynummer nicht zu posten. Du kannst dich zus\u00e4tzlich sch\u00fctzen, indem du deine Konten privat stellst und so kontrollierst, wer deinen Beitr\u00e4ge sehen kann. Wenn du unangebrachte Nachrichten oder Beitr\u00e4ge siehst und bekommst, hilft es oft, eine ablehnende Haltung zu zeigen, also den Ersteller zum Beispiel zu blockieren. Au\u00dferdem kann man vielen Plattformen Beitr\u00e4ge melden, diese werden dann von den Netzwerken direkt entfernt.<\/p>\n\n\n\n<h4 class=\"wp-block-heading\">Folgen f\u00fcr Opfer und T\u00e4ter<\/h4>\n\n\n\n<p>Cybermobbingopfer haben meist lange Zeit mit Vertrauensproblemen zu k\u00e4mpfen. Sie f\u00fchlen sich selbst nicht mehr gut und denken, sie seien nichts wert. Es kann grausam sein wenn man keiner Person mehr traut, von Depressionen und Angstst\u00f6rungen gepr\u00e4gt ist, und man sich folgend immer mehr isoliert. Manche Menschen kommen besonders mit der Blo\u00dfstellung im Internet, aber auch in der Schule und im sozialen Umkreis nicht mehr klar und k\u00e4mpfen mit Suizid-Gedanken. Das kann so weit f\u00fchren, dass Opfer sich sogar das Leben nehmen, da sie mit dieser Last nicht mehr sein wollen.<\/p>\n\n\n\n<p>Nat\u00fcrlich ist es schwierig, T\u00e4terinnen und T\u00e4ter im Internet ausfindig zu machen, da die Anonymit\u00e4t in den sozialen Netzwerken eine gro\u00dfe Rolle spielt. Dennoch hat die Polizei viele M\u00f6glichkeiten, die E-Mail- Adresse oder die IP-Adresse herauszufinden. Wirklich anonym sind die T\u00e4terinnen und T\u00e4ter also nicht. Die strafrechtlichen Folgen variieren jedoch stark. Es kommt darauf an, wie stark die T\u00e4terin oder der T\u00e4ter das Opfer bedr\u00e4ngt und mobbt. Meist beginnen die Strafen bei Geldstrafen, k\u00f6nnen aber auch zu Freiheitsstrafen f\u00fchren. Auch psychische Folgen besch\u00e4ftigen die T\u00e4terinnen oder den T\u00e4tern. Die Aus\u00fcbung von Cybermobbing verankert sich meist im Verhaltensrepertoire und \u00e4u\u00dfert sich h\u00e4ufig im Erwachsenenalter als aggressives Verhalten, bis hin zur Kriminalit\u00e4t.<\/p>\n\n\n\n<h4 class=\"wp-block-heading\">Handlungsempfehlungen<\/h4>\n\n\n\n<h5 class=\"wp-block-heading\"><strong>Was soll ich machen, wenn ich von Cybermobbing betroffen bin?<\/strong><\/h5>\n\n\n\n<p>Solltest du von Cybermobbing betroffen sein, ist es zun\u00e4chst wichtig zu wissen, dass du als Opfer keine Schuld tr\u00e4gst. Das Wichtigste ist jedoch, dass du mit dir vertrauten Personen \u00fcber deine Gef\u00fchle und Sorgen sprichst. Bei uns an der Schule k\u00f6nnte das auch der Vertrauenslehrer Herr Heinze sein. Sollte dir keine Person einfallen, mit der du sprechen magst, dann kannst du dich auch an Telefonportale wenden, in denen du anonym \u00fcber deine Sorgen sprechen kannst. Es besteht auch die M\u00f6glichkeit, sich bei \u201eAnti-Mobbing-Gruppen\u201c in den sozialen Medien Hilfe zu suchen.<\/p>\n\n\n\n<p>Au\u00dferdem solltest du die Beweise sichern, um auch rechtlich gegen die T\u00e4ter vorgehen zu k\u00f6nnen.<\/p>\n\n\n\n<h5 class=\"wp-block-heading\"><strong>Wie sollte ich mich verhalten, wenn ich bemerke, dass man Mitsch\u00fcler\/ meine Mitsch\u00fclerin Cybermobbing erf\u00e4hrt<\/strong>?<\/h5>\n\n\n\n<p>Wenn du mitbekommst, dass ein Mitsch\u00fcler oder eine Mitsch\u00fclerin von dir Cybermobbing erf\u00e4hrt, dann solltest du dich als Ansprechpartner anbieten. Vielleicht k\u00f6nntest du der betroffenen Person auch Ratschl\u00e4ge und Hilfestellungen geben, wenn du dich bereit daf\u00fcr f\u00fchlst. Auf keinen Fall solltest du die von Cybermobbing betroffene Person weiterhin ignorieren und ausschlie\u00dfen.<\/p>\n","protected":false},"excerpt":{"rendered":"<p>Mobbing ist ein Problem, ob offline oder online. In diesem Text erkl\u00e4ren wir dir, was du \u00fcber Cybermobbing wissen solltest. Was&nbsp;ist&nbsp;Cybermobbing? Beim Cybermobbing wird jemand \u00fcber verschiedene digitalen Medien, haupts\u00e4chlich<\/p>\n","protected":false},"author":4,"featured_media":0,"parent":6796,"menu_order":4,"comment_status":"closed","ping_status":"closed","template":"","meta":{"ngg_post_thumbnail":0,"footnotes":""},"class_list":["post-6804","page","type-page","status-publish","hentry","comments-off"],"_links":{"self":[{"href":"https:\/\/www.artland-gymnasium.de\/wordpress\/wp-json\/wp\/v2\/pages\/6804","targetHints":{"allow":["GET"]}}],"collection":[{"href":"https:\/\/www.artland-gymnasium.de\/wordpress\/wp-json\/wp\/v2\/pages"}],"about":[{"href":"https:\/\/www.artland-gymnasium.de\/wordpress\/wp-json\/wp\/v2\/types\/page"}],"author":[{"embeddable":true,"href":"https:\/\/www.artland-gymnasium.de\/wordpress\/wp-json\/wp\/v2\/users\/4"}],"replies":[{"embeddable":true,"href":"https:\/\/www.artland-gymnasium.de\/wordpress\/wp-json\/wp\/v2\/comments?post=6804"}],"version-history":[{"count":7,"href":"https:\/\/www.artland-gymnasium.de\/wordpress\/wp-json\/wp\/v2\/pages\/6804\/revisions"}],"predecessor-version":[{"id":6892,"href":"https:\/\/www.artland-gymnasium.de\/wordpress\/wp-json\/wp\/v2\/pages\/6804\/revisions\/6892"}],"up":[{"embeddable":true,"href":"https:\/\/www.artland-gymnasium.de\/wordpress\/wp-json\/wp\/v2\/pages\/6796"}],"wp:attachment":[{"href":"https:\/\/www.artland-gymnasium.de\/wordpress\/wp-json\/wp\/v2\/media?parent=6804"}],"curies":[{"name":"wp","href":"https:\/\/api.w.org\/{rel}","templated":true}]}}