{"id":81,"date":"2020-03-16T12:28:07","date_gmt":"2020-03-16T11:28:07","guid":{"rendered":"http:\/\/www.artland-gymnasium.de\/wordpress\/?page_id=81"},"modified":"2020-03-16T12:30:23","modified_gmt":"2020-03-16T11:30:23","slug":"schule","status":"publish","type":"page","link":"https:\/\/www.artland-gymnasium.de\/wordpress\/schule\/","title":{"rendered":"Schule"},"content":{"rendered":"\n<p>Mit dem&nbsp;Leitbild&nbsp;wollen wir am Artland-Gymnasium Quakenbr\u00fcck das Selbstverst\u00e4ndnis und die Zielsetzung unserer Schule festlegen. Es ver- pflichtet uns, die Lehrkr\u00e4fte, Mitarbeiter, Eltern und Sch\u00fclerschaft, und ist Grundlage unseres gemeinsamen Tuns.<\/p>\n\n\n\n<p>In \u00dcbereinstimmung mit den eigenen Traditionen und mit dem in \u00a72 des Nieders\u00e4chsischen Schulgesetzes formulierten Bildungsauftrag ist unser Bildungsziel, das in einer sich rasch wandelnden Gesellschaft ben\u00f6tigte&nbsp;Wissen und K\u00f6nnen&nbsp;und die dazu ben\u00f6tigten&nbsp;F\u00e4higkeiten und Fertig- keiten&nbsp;zu vermitteln und zugleich zur&nbsp;M\u00fcndigkeit&nbsp;zu erziehen.<\/p>\n\n\n\n<p>Das Artland-Gymnasium ist jedoch mehr als eine Institution zur Wissens- vermittlung, es ist auch Lebenswelt, die so zu gestalten ist, dass sich die Sch\u00fclerinnen und Sch\u00fcler zu selbstbewussten Menschen entwickeln k\u00f6nnen, die bereit und f\u00e4hig sind, in Schule und Gesellschaft&nbsp;Verant- wortung&nbsp;zu \u00fcbernehmen.<\/p>\n\n\n\n<p>Um unsere Sch\u00fclerinnen und Sch\u00fcler zu&nbsp;verantwortungsbewussten&nbsp;und&nbsp;weltoffenen Pers\u00f6nlichkeiten mit Selbstvertrauen&nbsp;zu erziehen, wollen wir ihre sozialen Tugenden und F\u00e4higkeiten st\u00e4rken und ihre Leistungsbereitschaft, ihr Engagement, ihre Selbstst\u00e4ndigkeit und ihr Gemeinschaftsgef\u00fchl f\u00f6rdern.<\/p>\n\n\n\n<p>Die interkulturelle Kompetenz von Menschen f\u00f6rdert das Zusammen- wachsen Europas, denn das gegenseitige Verst\u00e4ndnis ist die Basis vertrauensvoller und erfolgreicher Zusammenarbeit. Die Sch\u00fclerinnen und Sch\u00fcler sollen lernen, das gro\u00dfe&nbsp;Europa als gemeinsames Erbe&nbsp;zu betrachten, Europa gerade in Zeiten der Globalisierung als Chance der geistigen Orientierung zu erleben, Europa als ma\u00dfgebliche Be- dingung eigener Identit\u00e4t zu verstehen und ein geeintes Europa als einen wichtigen Beitrag zu einer dauerhaften Friedensordnung zu sehen.<\/p>\n","protected":false},"excerpt":{"rendered":"<p>Mit dem&nbsp;Leitbild&nbsp;wollen wir am Artland-Gymnasium Quakenbr\u00fcck das Selbstverst\u00e4ndnis und die Zielsetzung unserer Schule festlegen. Es ver- pflichtet uns, die Lehrkr\u00e4fte, Mitarbeiter, Eltern und Sch\u00fclerschaft, und ist Grundlage unseres gemeinsamen Tuns.<\/p>\n","protected":false},"author":1,"featured_media":0,"parent":0,"menu_order":0,"comment_status":"closed","ping_status":"closed","template":"","meta":{"ngg_post_thumbnail":0,"footnotes":""},"class_list":["post-81","page","type-page","status-publish","hentry","comments-off"],"_links":{"self":[{"href":"https:\/\/www.artland-gymnasium.de\/wordpress\/wp-json\/wp\/v2\/pages\/81","targetHints":{"allow":["GET"]}}],"collection":[{"href":"https:\/\/www.artland-gymnasium.de\/wordpress\/wp-json\/wp\/v2\/pages"}],"about":[{"href":"https:\/\/www.artland-gymnasium.de\/wordpress\/wp-json\/wp\/v2\/types\/page"}],"author":[{"embeddable":true,"href":"https:\/\/www.artland-gymnasium.de\/wordpress\/wp-json\/wp\/v2\/users\/1"}],"replies":[{"embeddable":true,"href":"https:\/\/www.artland-gymnasium.de\/wordpress\/wp-json\/wp\/v2\/comments?post=81"}],"version-history":[{"count":2,"href":"https:\/\/www.artland-gymnasium.de\/wordpress\/wp-json\/wp\/v2\/pages\/81\/revisions"}],"predecessor-version":[{"id":83,"href":"https:\/\/www.artland-gymnasium.de\/wordpress\/wp-json\/wp\/v2\/pages\/81\/revisions\/83"}],"wp:attachment":[{"href":"https:\/\/www.artland-gymnasium.de\/wordpress\/wp-json\/wp\/v2\/media?parent=81"}],"curies":[{"name":"wp","href":"https:\/\/api.w.org\/{rel}","templated":true}]}}